{"id":17,"date":"2018-11-19T19:50:38","date_gmt":"2018-11-19T19:50:38","guid":{"rendered":"https:\/\/alenaconseils.com\/home\/"},"modified":"2024-10-08T13:50:26","modified_gmt":"2024-10-08T12:50:26","slug":"home","status":"publish","type":"page","link":"https:\/\/alenaconseils.com\/","title":{"rendered":"Home"},"content":{"rendered":"<h1>ALENA CONSEILS<\/h1>\n<p>Cabinet d&rsquo;expertise Comptable situ\u00e9 \u00e0 MPITA  OCI<\/p>\n<p>\t\t\t<a href=\"https:\/\/alenaconseils.com\/nos-activites\/nos-services\/\" role=\"button\"><br \/>\n\t\t\t\t\t\tTout savoir sur nous<br \/>\n\t\t\t\t\t<\/a><\/p>\n<h3>\n\t\t\t\t\t\tAudit<br \/> Commissariat aux comptes<br \/>\n\t\t\t\t<\/h3>\n<p>\n\t\t\t\t\t\tExpertise Comptable, Comptabilit\u00e9 analytique\t\t\t\t\t<\/p>\n<h3>\n\t\t\t\t\t\tFiscalit\u00e9<br \/>\n\t\t\t\t<\/h3>\n<p>\n\t\t\t\t\t\tSocial<br \/>Conseils Juridiques<br \/>Gestion Patrimoniale<br \/>Controle de gestion. \t\t\t\t\t<\/p>\n<h3>\n\t\t\t\t\t\tAssistance Informatique<br \/>\n\t\t\t\t<\/h3>\n<p>\n\t\t\t\t\t\tGestion financi\u00e8re<br \/>Formation\t\t\t\t\t<\/p>\n<h2>Pr\u00e9sentation<\/h2>\n<p>\t\t\t\t\t\t\t\t\t\t\t\t\t\t\t<img decoding=\"async\" width=\"2560\" height=\"1920\" src=\"https:\/\/alenaconseils.com\/wp-content\/uploads\/2022\/09\/DG-Fernand-scaled.jpg\" alt=\"\" loading=\"lazy\" srcset=\"https:\/\/alenaconseils.com\/wp-content\/uploads\/2022\/09\/DG-Fernand-scaled.jpg 2560w, https:\/\/alenaconseils.com\/wp-content\/uploads\/2022\/09\/DG-Fernand-300x225.jpg 300w, https:\/\/alenaconseils.com\/wp-content\/uploads\/2022\/09\/DG-Fernand-1024x768.jpg 1024w, https:\/\/alenaconseils.com\/wp-content\/uploads\/2022\/09\/DG-Fernand-768x576.jpg 768w, https:\/\/alenaconseils.com\/wp-content\/uploads\/2022\/09\/DG-Fernand-1536x1152.jpg 1536w, https:\/\/alenaconseils.com\/wp-content\/uploads\/2022\/09\/DG-Fernand-2048x1536.jpg 2048w, https:\/\/alenaconseils.com\/wp-content\/uploads\/2022\/09\/DG-Fernand-600x450.jpg 600w\" sizes=\"auto, (max-width: 2560px) 100vw, 2560px\" \/>\t\t\t\t\t\t\t\t\t\t\t\t\t\t\t<\/p>\n<p>Alena Conseils est n\u00e9 de la volont\u00e9 de son Directeur G\u00e9n\u00e9ral Associ\u00e9: Monsieur Fernand MABIALA qui, apr\u00e8s avoir \u00e9volu\u00e9 pendant plus d&rsquo;une quinzaine d&rsquo;ann\u00e9es dans l&rsquo;environnement comptable et financier international en g\u00e9n\u00e9ral et fran\u00e7ais en particulier, \u00e0 d\u00e9cid\u00e9 de mettre son savoir-faire \u00e0 la disposition des entreprises congolaises, afin d&rsquo;apporter sa pierre \u00e0 l&rsquo;\u00e9difice national.<\/p>\n<p>\t\t\t<a href=\"https:\/\/alenaconseils.com\/wp-content\/uploads\/2022\/10\/CV-du-dirigeant.jpg\" role=\"button\"><br \/>\n\t\t\t\t\t\tTout savoir sur Le DG<br \/>\n\t\t\t\t\t<\/a><\/p>\n<h2>Cible du Cabinet<\/h2>\n<p>Le Cabinet est comp\u00e9tent et disponible pour tout type d&rsquo;entreprises quel que soit la taille ou le secteur d&rsquo;activit\u00e9 ( allant de l&rsquo;artisan aux PME, grandes entreprises, associations, SCI et professions lib\u00e9rales etc.)<\/p>\n<h2>L&rsquo;offre du Cabinet<\/h2>\n<p>Alena Conseils est un cabinet multiservices qui propose des services divers et vari\u00e9s conform\u00e9ment au standard des cabinets europ\u00e9ens et mondiaux. <br \/>Il cherche \u00e0 offrir des services de haut niveau semblables \u00e0 ceux qu&rsquo;on peut trouver aupr\u00e8s des  \u00ab\u00a0Big four\u00a0\u00bb (expression d\u00e9signant les quatre  plus grands cabinets mondiaux qui sont: PriceWaterCoopers, Deloitte, KPMG, Ernest &amp; Young. <br \/>Cependant, Alena Conseils se distingue de ces des \u00ab\u00a0Big four\u00a0\u00bb \u00e0 travers les prix qui sont nettement plus comp\u00e9titifs, pour un service au moins \u00e9quivalent. <\/p>\n<h2>Ethique &#038; D\u00e9ontologie<\/h2>\n<p>\t\t\t\t\t\t\t\t\t\t\t\t\t\t\t<img decoding=\"async\" width=\"1024\" height=\"768\" src=\"https:\/\/alenaconseils.com\/wp-content\/uploads\/2022\/09\/Equipe-1024x768.jpg\" alt=\"\" loading=\"lazy\" srcset=\"https:\/\/alenaconseils.com\/wp-content\/uploads\/2022\/09\/Equipe-1024x768.jpg 1024w, https:\/\/alenaconseils.com\/wp-content\/uploads\/2022\/09\/Equipe-300x225.jpg 300w, https:\/\/alenaconseils.com\/wp-content\/uploads\/2022\/09\/Equipe-768x576.jpg 768w, https:\/\/alenaconseils.com\/wp-content\/uploads\/2022\/09\/Equipe-1536x1152.jpg 1536w, https:\/\/alenaconseils.com\/wp-content\/uploads\/2022\/09\/Equipe-2048x1536.jpg 2048w, https:\/\/alenaconseils.com\/wp-content\/uploads\/2022\/09\/Equipe-600x450.jpg 600w\" sizes=\"auto, (max-width: 1024px) 100vw, 1024px\" \/>\t\t\t\t\t\t\t\t\t\t\t\t\t\t\t<\/p>\n<p>Alena Conseils cherche \u00e0 se positionner entre les cabinets traditionnels et les&nbsp; \u00ab\u00a0Big four\u00a0\u00bb. Il offre une palette de services aussi large que possible.<\/p>\n<p>C&rsquo;est pourquoi le Cabinet s&rsquo;oblige \u00e0 respecter une certaine \u00e9thique et d\u00e9ontologie dans le traitement de ses missions.<\/p>\n<p>Nous utilisons des outils modernes disponibles sur le march\u00e9 et adapt\u00e9 \u00e0 nos prestations. Il s&rsquo;agit notamment du logiciel Sage que l&rsquo;on trouve&nbsp; couramment dans la plupart des entreprises locales, ainsi que la bureautique, et bien d&rsquo;autres.<\/p>\n<h3>\n\t\t\t\t\t\t\t\tFaire confiance \u00e0 un expert, c&rsquo;est garantir l&rsquo;avenir de  votre entreprise.\t\t\t\t\t\t\t<\/h3>\n<p>\t\t\t\t\t\t\t\tAlena Conseils\t\t\t\t\t\t\t<\/p>\n<h3>\n\t\t\t\t\t\t\tVotre existence est la raison de notre expertise.  \t\t\t\t\t\t<\/h3>\n<p>\t\t\t\t\t\t\tAlena Conseils<br \/>\n\t\t\t\t\t\t\t\t\t\t\t\t\t\t\t<img decoding=\"async\" width=\"121\" height=\"136\" src=\"https:\/\/alenaconseils.com\/wp-content\/uploads\/2024\/10\/images-1.png\" alt=\"\" loading=\"lazy\" \/><br \/>\n\t\t\t\t\t\t\t\t\t\t\t\t\t\t\t<img decoding=\"async\" width=\"224\" height=\"182\" src=\"https:\/\/alenaconseils.com\/wp-content\/uploads\/2021\/10\/telechargement-2.jpeg\" alt=\"\" loading=\"lazy\" \/><br \/>\n\t\t\t\t\t\t\t\t\t\t\t\t\t\t\t<img decoding=\"async\" width=\"250\" height=\"250\" src=\"https:\/\/alenaconseils.com\/wp-content\/uploads\/2021\/10\/fia3WpZI_400x400.jpg\" alt=\"\" loading=\"lazy\" srcset=\"https:\/\/alenaconseils.com\/wp-content\/uploads\/2021\/10\/fia3WpZI_400x400.jpg 250w, https:\/\/alenaconseils.com\/wp-content\/uploads\/2021\/10\/fia3WpZI_400x400-100x100.jpg 100w, https:\/\/alenaconseils.com\/wp-content\/uploads\/2021\/10\/fia3WpZI_400x400-150x150.jpg 150w\" sizes=\"auto, (max-width: 250px) 100vw, 250px\" \/><br \/>\n\t\t\t\t\t\t\t\t\t\t\t\t\t\t\t<img decoding=\"async\" width=\"224\" height=\"224\" src=\"https:\/\/alenaconseils.com\/wp-content\/uploads\/2021\/10\/conferencecam.png\" alt=\"\" loading=\"lazy\" srcset=\"https:\/\/alenaconseils.com\/wp-content\/uploads\/2021\/10\/conferencecam.png 224w, https:\/\/alenaconseils.com\/wp-content\/uploads\/2021\/10\/conferencecam-100x100.png 100w, https:\/\/alenaconseils.com\/wp-content\/uploads\/2021\/10\/conferencecam-150x150.png 150w\" sizes=\"auto, (max-width: 224px) 100vw, 224px\" \/><br \/>\n\t\t\t\t\t\t\t\t\t\t\t\t\t\t\t<img decoding=\"async\" width=\"225\" height=\"225\" src=\"https:\/\/alenaconseils.com\/wp-content\/uploads\/2021\/10\/telechargement-3.jpeg\" alt=\"\" loading=\"lazy\" srcset=\"https:\/\/alenaconseils.com\/wp-content\/uploads\/2021\/10\/telechargement-3.jpeg 225w, https:\/\/alenaconseils.com\/wp-content\/uploads\/2021\/10\/telechargement-3-100x100.jpeg 100w, https:\/\/alenaconseils.com\/wp-content\/uploads\/2021\/10\/telechargement-3-150x150.jpeg 150w\" sizes=\"auto, (max-width: 225px) 100vw, 225px\" \/><br \/>\n\t\t\t\t\t\t\t\t\t\t\t\t\t\t\t<img decoding=\"async\" width=\"393\" height=\"128\" src=\"https:\/\/alenaconseils.com\/wp-content\/uploads\/2024\/10\/images.png\" alt=\"\" loading=\"lazy\" srcset=\"https:\/\/alenaconseils.com\/wp-content\/uploads\/2024\/10\/images.png 393w, https:\/\/alenaconseils.com\/wp-content\/uploads\/2024\/10\/images-300x98.png 300w\" sizes=\"auto, (max-width: 393px) 100vw, 393px\" \/><br \/>\n\t\t\t\t\t\t\t\t\t\t\t\t\t\t\t<img decoding=\"async\" width=\"453\" height=\"111\" src=\"https:\/\/alenaconseils.com\/wp-content\/uploads\/2024\/10\/telechargement.jpg\" alt=\"\" loading=\"lazy\" srcset=\"https:\/\/alenaconseils.com\/wp-content\/uploads\/2024\/10\/telechargement.jpg 453w, https:\/\/alenaconseils.com\/wp-content\/uploads\/2024\/10\/telechargement-300x74.jpg 300w\" sizes=\"auto, (max-width: 453px) 100vw, 453px\" \/><br \/>\n\t\t\t\t\t\t\t\t\t\t\t\t\t\t\t<img decoding=\"async\" width=\"249\" height=\"118\" src=\"https:\/\/alenaconseils.com\/wp-content\/uploads\/2021\/10\/60824533_1203559649805267_4992048356520886272_n.jpg\" alt=\"\" loading=\"lazy\" \/><br \/>\n\t\t\t\t\t\t\t\t\t\t\t\t\t\t\t<img decoding=\"async\" width=\"380\" height=\"200\" src=\"https:\/\/alenaconseils.com\/wp-content\/uploads\/2024\/10\/BGP-Logos.jpg\" alt=\"\" loading=\"lazy\" srcset=\"https:\/\/alenaconseils.com\/wp-content\/uploads\/2024\/10\/BGP-Logos.jpg 380w, https:\/\/alenaconseils.com\/wp-content\/uploads\/2024\/10\/BGP-Logos-300x158.jpg 300w\" sizes=\"auto, (max-width: 380px) 100vw, 380px\" \/><br \/>\n\t\t\t\t\t\t\t\t\t\t\t\t\t\t\t<img decoding=\"async\" width=\"200\" height=\"200\" src=\"https:\/\/alenaconseils.com\/wp-content\/uploads\/2024\/10\/pen_process_logo.jpg\" alt=\"\" loading=\"lazy\" srcset=\"https:\/\/alenaconseils.com\/wp-content\/uploads\/2024\/10\/pen_process_logo.jpg 200w, https:\/\/alenaconseils.com\/wp-content\/uploads\/2024\/10\/pen_process_logo-150x150.jpg 150w, https:\/\/alenaconseils.com\/wp-content\/uploads\/2024\/10\/pen_process_logo-100x100.jpg 100w\" sizes=\"auto, (max-width: 200px) 100vw, 200px\" \/><\/p>\n","protected":false},"excerpt":{"rendered":"<p>ALENA CONSEILS Cabinet d&rsquo;expertise Comptable situ\u00e9 \u00e0 MPITA OCI Tout savoir sur nous Audit Commissariat aux comptes Expertise Comptable, Comptabilit\u00e9 analytique Fiscalit\u00e9 SocialConseils JuridiquesGestion PatrimonialeControle de gestion. Assistance Informatique Gestion financi\u00e8reFormation Pr\u00e9sentation Alena Conseils est n\u00e9 de la volont\u00e9 de son Directeur G\u00e9n\u00e9ral Associ\u00e9: Monsieur Fernand MABIALA qui, apr\u00e8s avoir \u00e9volu\u00e9 pendant plus d&rsquo;une quinzaine [&hellip;]<\/p>\n","protected":false},"author":1,"featured_media":0,"parent":7,"menu_order":0,"comment_status":"closed","ping_status":"open","template":"","meta":{"footnotes":""},"class_list":["post-17","page","type-page","status-publish","hentry"],"yoast_head":"<!-- This site is optimized with the Yoast SEO plugin v16.6 - https:\/\/yoast.com\/wordpress\/plugins\/seo\/ -->\n<meta name=\"description\" content=\"ALENA CONSEILS Cabinet d&rsquo;expertise Comptable situ\u00e9 \u00e0 MPITA OCI Tout savoir sur nous Audit Commissariat aux comptes Expertise Comptable, Comptabilit\u00e9 analytique Fiscalit\u00e9 SocialConseils JuridiquesGestion PatrimonialeControle de gestion. Assistance Informatique Gestion financi\u00e8reFormation Pr\u00e9sentation Alena Conseils est n\u00e9 de la volont\u00e9 de son Directeur G\u00e9n\u00e9ral Associ\u00e9: Monsieur Fernand MABIALA qui, apr\u00e8s avoir \u00e9volu\u00e9 pendant plus d&rsquo;une quinzaine [&hellip;]\" \/>\n<meta name=\"robots\" content=\"index, follow, max-snippet:-1, max-image-preview:large, max-video-preview:-1\" \/>\n<link rel=\"canonical\" href=\"https:\/\/alenaconseils.com\/\" \/>\n<meta property=\"og:locale\" content=\"fr_FR\" \/>\n<meta property=\"og:type\" content=\"article\" \/>\n<meta property=\"og:title\" content=\"Home - Mon site Web\" \/>\n<meta property=\"og:description\" content=\"ALENA CONSEILS Cabinet d&rsquo;expertise Comptable situ\u00e9 \u00e0 MPITA OCI Tout savoir sur nous Audit Commissariat aux comptes Expertise Comptable, Comptabilit\u00e9 analytique Fiscalit\u00e9 SocialConseils JuridiquesGestion PatrimonialeControle de gestion. Assistance Informatique Gestion financi\u00e8reFormation Pr\u00e9sentation Alena Conseils est n\u00e9 de la volont\u00e9 de son Directeur G\u00e9n\u00e9ral Associ\u00e9: Monsieur Fernand MABIALA qui, apr\u00e8s avoir \u00e9volu\u00e9 pendant plus d&rsquo;une quinzaine [&hellip;]\" \/>\n<meta property=\"og:url\" content=\"https:\/\/alenaconseils.com\/\" \/>\n<meta property=\"og:site_name\" content=\"Mon site Web\" \/>\n<meta property=\"article:modified_time\" content=\"2024-10-08T12:50:26+00:00\" \/>\n<meta property=\"og:image\" content=\"https:\/\/alenaconseils.com\/wp-content\/uploads\/2022\/09\/DG-Fernand-scaled.jpg\" \/>\n<meta name=\"twitter:label1\" content=\"Dur\u00e9e de lecture est.\" \/>\n\t<meta name=\"twitter:data1\" content=\"4 minutes\" \/>\n<script type=\"application\/ld+json\" class=\"yoast-schema-graph\">{\"@context\":\"https:\/\/schema.org\",\"@graph\":[{\"@type\":\"WebSite\",\"@id\":\"https:\/\/alenaconseils.com\/#website\",\"url\":\"https:\/\/alenaconseils.com\/\",\"name\":\"Mon site Web\",\"description\":\"\",\"potentialAction\":[{\"@type\":\"SearchAction\",\"target\":{\"@type\":\"EntryPoint\",\"urlTemplate\":\"https:\/\/alenaconseils.com\/?s={search_term_string}\"},\"query-input\":\"required name=search_term_string\"}],\"inLanguage\":\"fr-FR\"},{\"@type\":\"ImageObject\",\"@id\":\"https:\/\/alenaconseils.com\/#primaryimage\",\"inLanguage\":\"fr-FR\",\"url\":\"https:\/\/alenaconseils.com\/wp-content\/uploads\/2022\/09\/DG-Fernand-scaled.jpg\",\"contentUrl\":\"https:\/\/alenaconseils.com\/wp-content\/uploads\/2022\/09\/DG-Fernand-scaled.jpg\",\"width\":2560,\"height\":1920},{\"@type\":\"WebPage\",\"@id\":\"https:\/\/alenaconseils.com\/#webpage\",\"url\":\"https:\/\/alenaconseils.com\/\",\"name\":\"Home - Mon site Web\",\"isPartOf\":{\"@id\":\"https:\/\/alenaconseils.com\/#website\"},\"primaryImageOfPage\":{\"@id\":\"https:\/\/alenaconseils.com\/#primaryimage\"},\"datePublished\":\"2018-11-19T19:50:38+00:00\",\"dateModified\":\"2024-10-08T12:50:26+00:00\",\"breadcrumb\":{\"@id\":\"https:\/\/alenaconseils.com\/#breadcrumb\"},\"inLanguage\":\"fr-FR\",\"potentialAction\":[{\"@type\":\"ReadAction\",\"target\":[\"https:\/\/alenaconseils.com\/\"]}]},{\"@type\":\"BreadcrumbList\",\"@id\":\"https:\/\/alenaconseils.com\/#breadcrumb\",\"itemListElement\":[{\"@type\":\"ListItem\",\"position\":1,\"name\":\"Nos Activit\\u00e9s\",\"item\":\"https:\/\/alenaconseils.com\/?page_id=7\"},{\"@type\":\"ListItem\",\"position\":2,\"name\":\"Home\"}]}]}<\/script>\n<!-- \/ Yoast SEO plugin. -->","_links":{"self":[{"href":"https:\/\/alenaconseils.com\/index.php?rest_route=\/wp\/v2\/pages\/17","targetHints":{"allow":["GET"]}}],"collection":[{"href":"https:\/\/alenaconseils.com\/index.php?rest_route=\/wp\/v2\/pages"}],"about":[{"href":"https:\/\/alenaconseils.com\/index.php?rest_route=\/wp\/v2\/types\/page"}],"author":[{"embeddable":true,"href":"https:\/\/alenaconseils.com\/index.php?rest_route=\/wp\/v2\/users\/1"}],"replies":[{"embeddable":true,"href":"https:\/\/alenaconseils.com\/index.php?rest_route=%2Fwp%2Fv2%2Fcomments&post=17"}],"version-history":[{"count":0,"href":"https:\/\/alenaconseils.com\/index.php?rest_route=\/wp\/v2\/pages\/17\/revisions"}],"up":[{"embeddable":true,"href":"https:\/\/alenaconseils.com\/index.php?rest_route=\/wp\/v2\/pages\/7"}],"wp:attachment":[{"href":"https:\/\/alenaconseils.com\/index.php?rest_route=%2Fwp%2Fv2%2Fmedia&parent=17"}],"curies":[{"name":"wp","href":"https:\/\/api.w.org\/{rel}","templated":true}]}}