{"id":401,"date":"2019-03-19T13:42:23","date_gmt":"2019-03-19T13:42:23","guid":{"rendered":"https:\/\/alenaconseils.com\/contact\/"},"modified":"2024-10-13T17:30:11","modified_gmt":"2024-10-13T16:30:11","slug":"contact","status":"publish","type":"page","link":"https:\/\/alenaconseils.com\/?page_id=401","title":{"rendered":"Contact"},"content":{"rendered":"<h1>Contactez-nous<\/h1>\n<p>Vous pouvez directement nous joindre par les num\u00e9ros indiqu\u00e9s ou nous laisser un message via notre adresse \u00e9l\u00e9ctronique .<\/p>\n<h3>\n\t\t\t\t\t\tAppellez-nous<br \/>\n\t\t\t\t<\/h3>\n<h3>+242 06-853-06-79 \/ 05-652-32-11<\/h3>\n<h3>\n\t\t\t\t\t\tEcrivez-nous<br \/>\n\t\t\t\t<\/h3>\n<h3>secretariat.ac@alenaconseils.com<\/h3>\n<h3>\n\t\t\t\t\t\tAdresse<br \/>\n\t\t\t\t<\/h3>\n<h3>Mptita, OCI<\/h3>\n<h2>Laissez-nous un message<\/h2>\n","protected":false},"excerpt":{"rendered":"<p>Contactez-nous Vous pouvez directement nous joindre par les num\u00e9ros indiqu\u00e9s ou nous laisser un message via notre adresse \u00e9l\u00e9ctronique . Appellez-nous +242 06-853-06-79 \/ 05-652-32-11 Ecrivez-nous secretariat.ac@alenaconseils.com Adresse Mptita, OCI Laissez-nous un message<\/p>\n","protected":false},"author":1,"featured_media":0,"parent":7,"menu_order":0,"comment_status":"closed","ping_status":"open","template":"","meta":{"footnotes":""},"class_list":["post-401","page","type-page","status-publish","hentry"],"yoast_head":"<!-- This site is optimized with the Yoast SEO plugin v16.6 - https:\/\/yoast.com\/wordpress\/plugins\/seo\/ -->\n<meta name=\"description\" content=\"Contactez-nous Vous pouvez directement nous joindre par les num\u00e9ros indiqu\u00e9s ou nous laisser un message via notre adresse \u00e9l\u00e9ctronique . Appellez-nous +242 06-853-06-79 \/ 05-652-32-11 Ecrivez-nous secretariat.ac@alenaconseils.com Adresse Mptita, OCI Laissez-nous un message\" \/>\n<meta name=\"robots\" content=\"index, follow, max-snippet:-1, max-image-preview:large, max-video-preview:-1\" \/>\n<link rel=\"canonical\" href=\"https:\/\/alenaconseils.com\/?page_id=401\" \/>\n<meta property=\"og:locale\" content=\"fr_FR\" \/>\n<meta property=\"og:type\" content=\"article\" \/>\n<meta property=\"og:title\" content=\"Contact - Mon site Web\" \/>\n<meta property=\"og:description\" content=\"Contactez-nous Vous pouvez directement nous joindre par les num\u00e9ros indiqu\u00e9s ou nous laisser un message via notre adresse \u00e9l\u00e9ctronique . Appellez-nous +242 06-853-06-79 \/ 05-652-32-11 Ecrivez-nous secretariat.ac@alenaconseils.com Adresse Mptita, OCI Laissez-nous un message\" \/>\n<meta property=\"og:url\" content=\"https:\/\/alenaconseils.com\/?page_id=401\" \/>\n<meta property=\"og:site_name\" content=\"Mon site Web\" \/>\n<meta property=\"article:modified_time\" content=\"2024-10-13T16:30:11+00:00\" \/>\n<meta name=\"twitter:label1\" content=\"Dur\u00e9e de lecture est.\" \/>\n\t<meta name=\"twitter:data1\" content=\"1 minute\" \/>\n<script type=\"application\/ld+json\" class=\"yoast-schema-graph\">{\"@context\":\"https:\/\/schema.org\",\"@graph\":[{\"@type\":\"WebSite\",\"@id\":\"https:\/\/alenaconseils.com\/#website\",\"url\":\"https:\/\/alenaconseils.com\/\",\"name\":\"Mon site Web\",\"description\":\"\",\"potentialAction\":[{\"@type\":\"SearchAction\",\"target\":{\"@type\":\"EntryPoint\",\"urlTemplate\":\"https:\/\/alenaconseils.com\/?s={search_term_string}\"},\"query-input\":\"required name=search_term_string\"}],\"inLanguage\":\"fr-FR\"},{\"@type\":\"WebPage\",\"@id\":\"https:\/\/alenaconseils.com\/?page_id=401#webpage\",\"url\":\"https:\/\/alenaconseils.com\/?page_id=401\",\"name\":\"Contact - Mon site Web\",\"isPartOf\":{\"@id\":\"https:\/\/alenaconseils.com\/#website\"},\"datePublished\":\"2019-03-19T13:42:23+00:00\",\"dateModified\":\"2024-10-13T16:30:11+00:00\",\"breadcrumb\":{\"@id\":\"https:\/\/alenaconseils.com\/?page_id=401#breadcrumb\"},\"inLanguage\":\"fr-FR\",\"potentialAction\":[{\"@type\":\"ReadAction\",\"target\":[\"https:\/\/alenaconseils.com\/?page_id=401\"]}]},{\"@type\":\"BreadcrumbList\",\"@id\":\"https:\/\/alenaconseils.com\/?page_id=401#breadcrumb\",\"itemListElement\":[{\"@type\":\"ListItem\",\"position\":1,\"name\":\"Nos Activit\\u00e9s\",\"item\":\"https:\/\/alenaconseils.com\/?page_id=7\"},{\"@type\":\"ListItem\",\"position\":2,\"name\":\"Contact\"}]}]}<\/script>\n<!-- \/ Yoast SEO plugin. -->","_links":{"self":[{"href":"https:\/\/alenaconseils.com\/index.php?rest_route=\/wp\/v2\/pages\/401","targetHints":{"allow":["GET"]}}],"collection":[{"href":"https:\/\/alenaconseils.com\/index.php?rest_route=\/wp\/v2\/pages"}],"about":[{"href":"https:\/\/alenaconseils.com\/index.php?rest_route=\/wp\/v2\/types\/page"}],"author":[{"embeddable":true,"href":"https:\/\/alenaconseils.com\/index.php?rest_route=\/wp\/v2\/users\/1"}],"replies":[{"embeddable":true,"href":"https:\/\/alenaconseils.com\/index.php?rest_route=%2Fwp%2Fv2%2Fcomments&post=401"}],"version-history":[{"count":0,"href":"https:\/\/alenaconseils.com\/index.php?rest_route=\/wp\/v2\/pages\/401\/revisions"}],"up":[{"embeddable":true,"href":"https:\/\/alenaconseils.com\/index.php?rest_route=\/wp\/v2\/pages\/7"}],"wp:attachment":[{"href":"https:\/\/alenaconseils.com\/index.php?rest_route=%2Fwp%2Fv2%2Fmedia&parent=401"}],"curies":[{"name":"wp","href":"https:\/\/api.w.org\/{rel}","templated":true}]}}